{"id":37,"date":"2013-11-14T03:07:15","date_gmt":"2013-11-14T01:07:15","guid":{"rendered":"http:\/\/eventcare.ca\/kcgartenbau\/?page_id=37"},"modified":"2025-04-24T01:02:34","modified_gmt":"2025-04-23T23:02:34","slug":"impressum","status":"publish","type":"page","link":"https:\/\/eventcare.ca\/kcgartenbau\/?page_id=37","title":{"rendered":"Impressum"},"content":{"rendered":"<h1><span style=\"color: #000000;\">Garten-Landschaftsbau Kai Cervo D\u00fcsseldorf<\/span><\/h1>\n<div>\n<p><span style=\"color: #000000;\"><strong>Adresse:<br \/>\n<\/strong><\/span><span style=\"color: #000000;\">Garten-Landschaftsbau &#8211; <strong>Kai Cervo<\/strong><br \/>\n<\/span><span style=\"color: #000000;\">Staatl. gepr\u00fcfter Techniker f\u00fcr Garten, Landschafts und Sportplatzbau <\/span><\/p>\n<p><span style=\"color: #000000;\">Gerricusplatz 22<br \/>\n40625 D\u00fcsseldorf<\/span><\/p>\n<p><span style=\"color: #000000;\"><strong>Kontakt<br \/>\n<\/strong><\/span><span style=\"color: #000000;\">Telefon: +49 170 2868048<br \/>\n<\/span><span style=\"color: #000000;\">E-Mail: <span style=\"color: #000000;\"><a href=\"mailto:info@kcgartenbau.com\">info@kcgartenbau.com<\/a><\/span><\/span><\/p>\n<p>F\u00fcr den Inhalt der Seite zeigt sich Fa. Garten &#8211; Landschaftsbau Cervo verantwortlich<\/p>\n<\/div>\n","protected":false},"excerpt":{"rendered":"<p>Garten-Landschaftsbau Kai Cervo D\u00fcsseldorf Adresse: Garten-Landschaftsbau &#8211; Kai Cervo Staatl. gepr\u00fcfter Techniker f\u00fcr Garten, Landschafts und Sportplatzbau Gerricusplatz 22 40625 D\u00fcsseldorf Kontakt Telefon: +49 170 2868048 E-Mail: info@kcgartenbau.com F\u00fcr den Inhalt der Seite zeigt sich Fa. Garten &#8211; Landschaftsbau Cervo verantwortlich<\/p>\n","protected":false},"author":1,"featured_media":0,"parent":0,"menu_order":6,"comment_status":"closed","ping_status":"closed","template":"","meta":{"footnotes":""},"class_list":["post-37","page","type-page","status-publish","hentry"],"_links":{"self":[{"href":"https:\/\/eventcare.ca\/kcgartenbau\/index.php?rest_route=\/wp\/v2\/pages\/37","targetHints":{"allow":["GET"]}}],"collection":[{"href":"https:\/\/eventcare.ca\/kcgartenbau\/index.php?rest_route=\/wp\/v2\/pages"}],"about":[{"href":"https:\/\/eventcare.ca\/kcgartenbau\/index.php?rest_route=\/wp\/v2\/types\/page"}],"author":[{"embeddable":true,"href":"https:\/\/eventcare.ca\/kcgartenbau\/index.php?rest_route=\/wp\/v2\/users\/1"}],"replies":[{"embeddable":true,"href":"https:\/\/eventcare.ca\/kcgartenbau\/index.php?rest_route=%2Fwp%2Fv2%2Fcomments&post=37"}],"version-history":[{"count":2,"href":"https:\/\/eventcare.ca\/kcgartenbau\/index.php?rest_route=\/wp\/v2\/pages\/37\/revisions"}],"predecessor-version":[{"id":498,"href":"https:\/\/eventcare.ca\/kcgartenbau\/index.php?rest_route=\/wp\/v2\/pages\/37\/revisions\/498"}],"wp:attachment":[{"href":"https:\/\/eventcare.ca\/kcgartenbau\/index.php?rest_route=%2Fwp%2Fv2%2Fmedia&parent=37"}],"curies":[{"name":"wp","href":"https:\/\/api.w.org\/{rel}","templated":true}]}}