{"id":26,"date":"2013-11-14T02:54:21","date_gmt":"2013-11-14T00:54:21","guid":{"rendered":"http:\/\/eventcare.ca\/kcgartenbau\/?page_id=26"},"modified":"2025-04-24T01:00:00","modified_gmt":"2025-04-23T23:00:00","slug":"start-seite","status":"publish","type":"page","link":"https:\/\/eventcare.ca\/kcgartenbau\/","title":{"rendered":"Startseite"},"content":{"rendered":"<h1 style=\"text-align: justify;\"><span style=\"color: #000000;\">Willkommen bei Garten-Landschaftsbau<br \/>\nKai Cervo in D\u00fcsseldorf<\/span><\/h1>\n<p style=\"text-align: justify;\"><span style=\"color: #000000;\">Bei uns liegt Ihr Gartenbauprojekt immer in den richtigen H\u00e4nden.<br \/>\nUnser Service umfasst s\u00e4mtliche Projektphasen von der Planung bis zur Pflege.<\/span><\/p>\n<p style=\"text-align: justify;\"><span style=\"color: #000000;\">Ihre pers\u00f6nlichen W\u00fcnsche und Bed\u00fcrfnisse verlieren wir dabei nie aus dem Blick.<\/span><\/p>\n<p style=\"text-align: justify;\"><span style=\"color: #000000;\">Lassen Sie sich von unserer professionellen und kreativen Arbeitsweise<br \/>\n\u00fcberzeugen<\/span><\/p>\n<p style=\"text-align: justify;\"><span style=\"color: #000000;\">Wir sind Ihr kompetenter Partner &#8211; von der Planung \u00fcber die Realisation bis hin zur Pflege<br \/>\nihrer Gartenanlage &#8211; bei uns sind Sie an der richtigen Adresse. Mit Leistungen wie Gartenbau,<br \/>\nBaum &#8211;\u00a0und Pflanzenpflege stehen wir Ihnen mit Rat und Tat zur Seite.<\/span><\/p>\n","protected":false},"excerpt":{"rendered":"<p>Willkommen bei Garten-Landschaftsbau Kai Cervo in D\u00fcsseldorf Bei uns liegt Ihr Gartenbauprojekt immer in den richtigen H\u00e4nden. Unser Service umfasst s\u00e4mtliche Projektphasen von der Planung bis zur Pflege. Ihre pers\u00f6nlichen W\u00fcnsche und Bed\u00fcrfnisse verlieren wir dabei nie aus dem Blick. Lassen Sie sich von unserer professionellen und kreativen Arbeitsweise \u00fcberzeugen Wir sind Ihr kompetenter Partner [&hellip;]<\/p>\n","protected":false},"author":1,"featured_media":0,"parent":0,"menu_order":1,"comment_status":"closed","ping_status":"closed","template":"full-width.php","meta":{"footnotes":""},"class_list":["post-26","page","type-page","status-publish","hentry"],"_links":{"self":[{"href":"https:\/\/eventcare.ca\/kcgartenbau\/index.php?rest_route=\/wp\/v2\/pages\/26","targetHints":{"allow":["GET"]}}],"collection":[{"href":"https:\/\/eventcare.ca\/kcgartenbau\/index.php?rest_route=\/wp\/v2\/pages"}],"about":[{"href":"https:\/\/eventcare.ca\/kcgartenbau\/index.php?rest_route=\/wp\/v2\/types\/page"}],"author":[{"embeddable":true,"href":"https:\/\/eventcare.ca\/kcgartenbau\/index.php?rest_route=\/wp\/v2\/users\/1"}],"replies":[{"embeddable":true,"href":"https:\/\/eventcare.ca\/kcgartenbau\/index.php?rest_route=%2Fwp%2Fv2%2Fcomments&post=26"}],"version-history":[{"count":8,"href":"https:\/\/eventcare.ca\/kcgartenbau\/index.php?rest_route=\/wp\/v2\/pages\/26\/revisions"}],"predecessor-version":[{"id":495,"href":"https:\/\/eventcare.ca\/kcgartenbau\/index.php?rest_route=\/wp\/v2\/pages\/26\/revisions\/495"}],"wp:attachment":[{"href":"https:\/\/eventcare.ca\/kcgartenbau\/index.php?rest_route=%2Fwp%2Fv2%2Fmedia&parent=26"}],"curies":[{"name":"wp","href":"https:\/\/api.w.org\/{rel}","templated":true}]}}